{"id":992128,"date":"2025-01-22T15:08:58","date_gmt":"2025-01-22T15:08:58","guid":{"rendered":"https:\/\/codeland.app\/?page_id=992128"},"modified":"2025-10-13T12:22:13","modified_gmt":"2025-10-13T12:22:13","slug":"codeland-2","status":"publish","type":"page","link":"https:\/\/codeland.app\/es\/codeland-2\/","title":{"rendered":"Code Land 2.0"},"content":{"rendered":"\t\t<div data-elementor-type=\"wp-page\" data-elementor-id=\"992128\" class=\"elementor elementor-992128\" data-elementor-post-type=\"page\">\n\t\t\t\t\t\t<section class=\"elementor-section elementor-top-section elementor-element elementor-element-290feb37 elementor-section-content-bottom elementor-section-height-min-height elementor-section-items-stretch elementor-section-boxed elementor-section-height-default\" data-id=\"290feb37\" data-element_type=\"section\" data-e-type=\"section\" data-settings=\"{&quot;background_background&quot;:&quot;classic&quot;,&quot;animation&quot;:&quot;none&quot;,&quot;shape_divider_bottom&quot;:&quot;vamtam-waves&quot;,&quot;shape_divider_top&quot;:&quot;vamtam-waves&quot;}\">\n\t\t\t\t\t\t<div class=\"elementor-container elementor-column-gap-default\">\n\t\t\t\t\t<div class=\"elementor-column elementor-col-100 elementor-top-column elementor-element elementor-element-578071c7\" data-id=\"578071c7\" data-element_type=\"column\" data-e-type=\"column\">\n\t\t\t<div class=\"elementor-widget-wrap\">\n\t\t\t\t\t\t\t<\/div>\n\t\t<\/div>\n\t\t\t\t\t<\/div>\n\t\t<\/section>\n\t\t\t\t<section class=\"elementor-section elementor-top-section elementor-element elementor-element-51da35e0 elementor-section-boxed elementor-section-height-default elementor-section-height-default\" data-id=\"51da35e0\" data-element_type=\"section\" data-e-type=\"section\" data-settings=\"{&quot;background_motion_fx_scale_effect&quot;:&quot;yes&quot;,&quot;background_motion_fx_scale_direction&quot;:&quot;in-out&quot;,&quot;background_motion_fx_scale_range&quot;:{&quot;unit&quot;:&quot;%&quot;,&quot;size&quot;:&quot;&quot;,&quot;sizes&quot;:{&quot;start&quot;:0,&quot;end&quot;:41}},&quot;background_motion_fx_scale_speed&quot;:{&quot;unit&quot;:&quot;px&quot;,&quot;size&quot;:4,&quot;sizes&quot;:[]},&quot;background_motion_fx_devices&quot;:[&quot;desktop&quot;,&quot;tablet&quot;,&quot;mobile&quot;]}\">\n\t\t\t\t\t\t<div class=\"elementor-container elementor-column-gap-default\">\n\t\t\t\t\t<div class=\"elementor-column elementor-col-100 elementor-top-column elementor-element elementor-element-2d14d893\" data-id=\"2d14d893\" data-element_type=\"column\" data-e-type=\"column\">\n\t\t\t<div class=\"elementor-widget-wrap elementor-element-populated\">\n\t\t\t\t\t\t<div class=\"elementor-element elementor-element-1fc8b00a animated-fast elementor-invisible elementor-widget elementor-widget-text-editor\" data-id=\"1fc8b00a\" data-element_type=\"widget\" data-e-type=\"widget\" data-settings=\"{&quot;_animation&quot;:&quot;fadeIn&quot;,&quot;_animation_delay&quot;:200}\" data-widget_type=\"text-editor.default\">\n\t\t\t\t<div class=\"elementor-widget-container\">\n\t\t\t\t\t\t\t\t\t<p><strong>El aprendizaje adaptativo personalizado para tus peques<\/strong><\/p>\t\t\t\t\t\t\t\t<\/div>\n\t\t\t\t<\/div>\n\t\t\t\t<div class=\"elementor-element elementor-element-3d65e7ff elementor-widget elementor-widget-spacer\" data-id=\"3d65e7ff\" data-element_type=\"widget\" data-e-type=\"widget\" data-widget_type=\"spacer.default\">\n\t\t\t\t<div class=\"elementor-widget-container\">\n\t\t\t\t\t\t\t<div class=\"elementor-spacer\">\n\t\t\t<div class=\"elementor-spacer-inner\"><\/div>\n\t\t<\/div>\n\t\t\t\t\t\t<\/div>\n\t\t\t\t<\/div>\n\t\t\t\t<div class=\"elementor-element elementor-element-d3238b0 elementor-widget elementor-widget-heading\" data-id=\"d3238b0\" data-element_type=\"widget\" data-e-type=\"widget\" data-widget_type=\"heading.default\">\n\t\t\t\t<div class=\"elementor-widget-container\">\n\t\t\t\t\t<h2 class=\"elementor-heading-title elementor-size-default\">\u00bfPreparados para subir de nivel? <br>Descubre Code Land 2.0!<\/h2>\t\t\t\t<\/div>\n\t\t\t\t<\/div>\n\t\t\t\t<div class=\"elementor-element elementor-element-50c8a61d elementor-widget elementor-widget-text-editor\" data-id=\"50c8a61d\" data-element_type=\"widget\" data-e-type=\"widget\" data-widget_type=\"text-editor.default\">\n\t\t\t\t<div class=\"elementor-widget-container\">\n\t\t\t\t\t\t\t\t\t<p><span style=\"font-weight: 400;\">Lanzado en octubre de 2021, <\/span><i><span style=\"font-weight: 400;\">Code Land<\/span><\/i><span style=\"font-weight: 400;\"> ha introducido a m\u00e1s de un mill\u00f3n de ni\u00f1os\/as al fascinante mundo del c\u00f3digo. Estamos muy orgullosos del impacto que ha tenido, despertando la curiosidad y fomentando habilidades b\u00e1sicas de programaci\u00f3n en los m\u00e1s peque\u00f1os. Sin embargo, sabemos que cada ni\u00f1o\/a aprende de manera diferente y que no existe una \u00fanica f\u00f3rmula v\u00e1lida para todos.<br \/><br \/><\/span><\/p><p><span style=\"font-weight: 400;\">Por eso llevamos <\/span><i><span style=\"font-weight: 400;\">Code Land<\/span><\/i><span style=\"font-weight: 400;\"> al siguiente nivel con <\/span><i><span style=\"font-weight: 400;\">Code Land 2.0<\/span><\/i><span style=\"font-weight: 400;\">. Esta nueva versi\u00f3n est\u00e1 dise\u00f1ada para personalizar el camino de aprendizaje como nunca antes, adapt\u00e1ndose al ritmo, estilo e intereses \u00fanicos de cada ni\u00f1o\/a.<\/span><\/p>\t\t\t\t\t\t\t\t<\/div>\n\t\t\t\t<\/div>\n\t\t\t\t<div class=\"elementor-element elementor-element-6d3ccbca elementor-widget elementor-widget-spacer\" data-id=\"6d3ccbca\" data-element_type=\"widget\" data-e-type=\"widget\" data-widget_type=\"spacer.default\">\n\t\t\t\t<div class=\"elementor-widget-container\">\n\t\t\t\t\t\t\t<div class=\"elementor-spacer\">\n\t\t\t<div class=\"elementor-spacer-inner\"><\/div>\n\t\t<\/div>\n\t\t\t\t\t\t<\/div>\n\t\t\t\t<\/div>\n\t\t\t\t\t<\/div>\n\t\t<\/div>\n\t\t\t\t\t<\/div>\n\t\t<\/section>\n\t\t\t\t<section class=\"elementor-section elementor-top-section elementor-element elementor-element-22981184 elementor-section-boxed elementor-section-height-default elementor-section-height-default\" data-id=\"22981184\" data-element_type=\"section\" data-e-type=\"section\" data-settings=\"{&quot;background_background&quot;:&quot;classic&quot;,&quot;background_motion_fx_motion_fx_scrolling&quot;:&quot;yes&quot;,&quot;background_motion_fx_scale_effect&quot;:&quot;yes&quot;,&quot;background_motion_fx_scale_direction&quot;:&quot;in-out&quot;,&quot;background_motion_fx_scale_speed&quot;:{&quot;unit&quot;:&quot;px&quot;,&quot;size&quot;:2,&quot;sizes&quot;:[]},&quot;background_motion_fx_scale_range&quot;:{&quot;unit&quot;:&quot;%&quot;,&quot;size&quot;:&quot;&quot;,&quot;sizes&quot;:{&quot;start&quot;:0,&quot;end&quot;:44}},&quot;background_motion_fx_devices&quot;:[&quot;desktop&quot;,&quot;tablet&quot;]}\">\n\t\t\t\t\t\t\t<div class=\"elementor-background-overlay\"><\/div>\n\t\t\t\t\t\t\t<div class=\"elementor-container elementor-column-gap-default\">\n\t\t\t\t\t<div class=\"elementor-column elementor-col-100 elementor-top-column elementor-element elementor-element-6cad2589\" data-id=\"6cad2589\" data-element_type=\"column\" data-e-type=\"column\">\n\t\t\t<div class=\"elementor-widget-wrap elementor-element-populated\">\n\t\t\t\t\t\t<section class=\"elementor-section elementor-inner-section elementor-element elementor-element-403509e0 elementor-section-full_width elementor-section-height-default elementor-section-height-default\" data-id=\"403509e0\" data-element_type=\"section\" data-e-type=\"section\">\n\t\t\t\t\t\t<div class=\"elementor-container elementor-column-gap-default\">\n\t\t\t\t\t<div class=\"elementor-column elementor-col-100 elementor-inner-column elementor-element elementor-element-431d660b\" data-id=\"431d660b\" data-element_type=\"column\" data-e-type=\"column\">\n\t\t\t<div class=\"elementor-widget-wrap elementor-element-populated\">\n\t\t\t\t\t\t<div class=\"elementor-element elementor-element-2364212b elementor-widget elementor-widget-heading\" data-id=\"2364212b\" data-element_type=\"widget\" data-e-type=\"widget\" data-widget_type=\"heading.default\">\n\t\t\t\t<div class=\"elementor-widget-container\">\n\t\t\t\t\t<h2 class=\"elementor-heading-title elementor-size-default\">\u00bfQu\u00e9 novedades incluye Code Land 2.0?<\/h2>\t\t\t\t<\/div>\n\t\t\t\t<\/div>\n\t\t\t\t\t<\/div>\n\t\t<\/div>\n\t\t\t\t\t<\/div>\n\t\t<\/section>\n\t\t\t\t<section class=\"elementor-section elementor-inner-section elementor-element elementor-element-754767b8 elementor-section-boxed elementor-section-height-default elementor-section-height-default\" data-id=\"754767b8\" data-element_type=\"section\" data-e-type=\"section\" data-settings=\"{&quot;background_background&quot;:&quot;classic&quot;}\">\n\t\t\t\t\t\t<div class=\"elementor-container elementor-column-gap-custom\">\n\t\t\t\t\t<div class=\"elementor-column elementor-col-20 elementor-inner-column elementor-element elementor-element-20d9c248\" data-id=\"20d9c248\" data-element_type=\"column\" data-e-type=\"column\" data-settings=\"{&quot;background_background&quot;:&quot;classic&quot;}\">\n\t\t\t<div class=\"elementor-widget-wrap elementor-element-populated\">\n\t\t\t\t\t\t<div class=\"elementor-element elementor-element-230c98e8 elementor-position-top elementor-widget elementor-widget-image-box\" data-id=\"230c98e8\" data-element_type=\"widget\" data-e-type=\"widget\" data-widget_type=\"image-box.default\">\n\t\t\t\t<div class=\"elementor-widget-container\">\n\t\t\t\t\t<div class=\"elementor-image-box-wrapper\"><figure class=\"elementor-image-box-img\"><img fetchpriority=\"high\" decoding=\"async\" width=\"300\" height=\"300\" src=\"https:\/\/codeland.app\/wp-content\/uploads\/2025\/01\/system.png\" class=\"elementor-animation-wobble-horizontal attachment-full size-full wp-image-992212\" alt=\"\" srcset=\"https:\/\/codeland.app\/wp-content\/uploads\/2025\/01\/system.png 300w, https:\/\/codeland.app\/wp-content\/uploads\/2025\/01\/system-150x150.png 150w\" sizes=\"(max-width: 300px) 100vw, 300px\" \/><\/figure><div class=\"elementor-image-box-content\"><h4 class=\"elementor-image-box-title\">Personalizaci\u00f3n avanzada con IA<\/h4><p class=\"elementor-image-box-description\">Nuestro sistema mejorado de machine learning recomendar\u00e1 actividades adaptadas a las fortalezas, \u00e1reas de mejora y estilo de aprendizaje de cada usuario.<\/p><\/div><\/div>\t\t\t\t<\/div>\n\t\t\t\t<\/div>\n\t\t\t\t\t<\/div>\n\t\t<\/div>\n\t\t\t\t<div class=\"elementor-column elementor-col-20 elementor-inner-column elementor-element elementor-element-3d1a6f38\" data-id=\"3d1a6f38\" data-element_type=\"column\" data-e-type=\"column\">\n\t\t\t<div class=\"elementor-widget-wrap elementor-element-populated\">\n\t\t\t\t\t\t<div class=\"elementor-element elementor-element-7ca44194 elementor-position-top elementor-widget elementor-widget-image-box\" data-id=\"7ca44194\" data-element_type=\"widget\" data-e-type=\"widget\" data-widget_type=\"image-box.default\">\n\t\t\t\t<div class=\"elementor-widget-container\">\n\t\t\t\t\t<div class=\"elementor-image-box-wrapper\"><figure class=\"elementor-image-box-img\"><img decoding=\"async\" width=\"300\" height=\"300\" src=\"https:\/\/codeland.app\/wp-content\/uploads\/2025\/01\/monitoring.png\" class=\"elementor-animation-wobble-horizontal attachment-full size-full wp-image-992203\" alt=\"\" srcset=\"https:\/\/codeland.app\/wp-content\/uploads\/2025\/01\/monitoring.png 300w, https:\/\/codeland.app\/wp-content\/uploads\/2025\/01\/monitoring-150x150.png 150w\" sizes=\"(max-width: 300px) 100vw, 300px\" \/><\/figure><div class=\"elementor-image-box-content\"><h4 class=\"elementor-image-box-title\">Seguimiento del progreso y feedback din\u00e1mico<\/h4><p class=\"elementor-image-box-description\">Los ni\u00f1os\/as recibir\u00e1n feedback en tiempo real para orientar su aprendizaje, mientras que las familias podr\u00e1n monitorear el progreso con informes detallados.<\/p><\/div><\/div>\t\t\t\t<\/div>\n\t\t\t\t<\/div>\n\t\t\t\t\t<\/div>\n\t\t<\/div>\n\t\t\t\t<div class=\"elementor-column elementor-col-20 elementor-inner-column elementor-element elementor-element-1af95de5\" data-id=\"1af95de5\" data-element_type=\"column\" data-e-type=\"column\">\n\t\t\t<div class=\"elementor-widget-wrap elementor-element-populated\">\n\t\t\t\t\t\t<div class=\"elementor-element elementor-element-45b1ff81 elementor-position-top elementor-widget elementor-widget-image-box\" data-id=\"45b1ff81\" data-element_type=\"widget\" data-e-type=\"widget\" data-widget_type=\"image-box.default\">\n\t\t\t\t<div class=\"elementor-widget-container\">\n\t\t\t\t\t<div class=\"elementor-image-box-wrapper\"><figure class=\"elementor-image-box-img\"><img decoding=\"async\" width=\"300\" height=\"300\" src=\"https:\/\/codeland.app\/wp-content\/uploads\/2025\/01\/smart_onboarding.png\" class=\"elementor-animation-wobble-horizontal attachment-full size-full wp-image-992209\" alt=\"\" srcset=\"https:\/\/codeland.app\/wp-content\/uploads\/2025\/01\/smart_onboarding.png 300w, https:\/\/codeland.app\/wp-content\/uploads\/2025\/01\/smart_onboarding-150x150.png 150w\" sizes=\"(max-width: 300px) 100vw, 300px\" \/><\/figure><div class=\"elementor-image-box-content\"><h4 class=\"elementor-image-box-title\">Experiencia de onboarding inteligente<\/h4><p class=\"elementor-image-box-description\">Un proceso de configuraci\u00f3n m\u00e1s avanzado recopilar\u00e1 informaci\u00f3n clave para crear un camino de aprendizaje personalizado desde el primer d\u00eda.<\/p><\/div><\/div>\t\t\t\t<\/div>\n\t\t\t\t<\/div>\n\t\t\t\t\t<\/div>\n\t\t<\/div>\n\t\t\t\t<div class=\"elementor-column elementor-col-20 elementor-inner-column elementor-element elementor-element-74cc3cf4\" data-id=\"74cc3cf4\" data-element_type=\"column\" data-e-type=\"column\">\n\t\t\t<div class=\"elementor-widget-wrap elementor-element-populated\">\n\t\t\t\t\t\t<div class=\"elementor-element elementor-element-162123a9 elementor-position-top elementor-widget elementor-widget-image-box\" data-id=\"162123a9\" data-element_type=\"widget\" data-e-type=\"widget\" data-widget_type=\"image-box.default\">\n\t\t\t\t<div class=\"elementor-widget-container\">\n\t\t\t\t\t<div class=\"elementor-image-box-wrapper\"><figure class=\"elementor-image-box-img\"><img loading=\"lazy\" decoding=\"async\" width=\"300\" height=\"300\" src=\"https:\/\/codeland.app\/wp-content\/uploads\/2025\/01\/personalized.png\" class=\"elementor-animation-wobble-horizontal attachment-full size-full wp-image-992206\" alt=\"\" srcset=\"https:\/\/codeland.app\/wp-content\/uploads\/2025\/01\/personalized.png 300w, https:\/\/codeland.app\/wp-content\/uploads\/2025\/01\/personalized-150x150.png 150w\" sizes=\"(max-width: 300px) 100vw, 300px\" \/><\/figure><div class=\"elementor-image-box-content\"><h4 class=\"elementor-image-box-title\">Retos y recompensas mejorados<\/h4><p class=\"elementor-image-box-description\">Nuevas actividades y sistemas de recompensas dise\u00f1ados para mantener a los ni\u00f1os\/as motivados mientras dominan conceptos de programaci\u00f3n.\n<\/p><\/div><\/div>\t\t\t\t<\/div>\n\t\t\t\t<\/div>\n\t\t\t\t\t<\/div>\n\t\t<\/div>\n\t\t\t\t<div class=\"elementor-column elementor-col-20 elementor-inner-column elementor-element elementor-element-1d1deb0\" data-id=\"1d1deb0\" data-element_type=\"column\" data-e-type=\"column\">\n\t\t\t<div class=\"elementor-widget-wrap elementor-element-populated\">\n\t\t\t\t\t\t<div class=\"elementor-element elementor-element-3259dd4 elementor-position-top elementor-widget elementor-widget-image-box\" data-id=\"3259dd4\" data-element_type=\"widget\" data-e-type=\"widget\" data-widget_type=\"image-box.default\">\n\t\t\t\t<div class=\"elementor-widget-container\">\n\t\t\t\t\t<div class=\"elementor-image-box-wrapper\"><figure class=\"elementor-image-box-img\"><img loading=\"lazy\" decoding=\"async\" width=\"300\" height=\"300\" src=\"https:\/\/codeland.app\/wp-content\/uploads\/2025\/01\/machine_learning.png\" class=\"elementor-animation-wobble-horizontal attachment-full size-full wp-image-992200\" alt=\"\" srcset=\"https:\/\/codeland.app\/wp-content\/uploads\/2025\/01\/machine_learning.png 300w, https:\/\/codeland.app\/wp-content\/uploads\/2025\/01\/machine_learning-150x150.png 150w\" sizes=\"(max-width: 300px) 100vw, 300px\" \/><\/figure><div class=\"elementor-image-box-content\"><h4 class=\"elementor-image-box-title\">Pr\u00e1cticas de aprendizaje sostenible<\/h4><p class=\"elementor-image-box-description\">Funciones como recordatorios para hacer pausas y l\u00edmites equilibrados de tiempo de sesi\u00f3n promueven h\u00e1bitos saludables de uso de pantallas.<\/p><\/div><\/div>\t\t\t\t<\/div>\n\t\t\t\t<\/div>\n\t\t\t\t\t<\/div>\n\t\t<\/div>\n\t\t\t\t\t<\/div>\n\t\t<\/section>\n\t\t\t\t\t<\/div>\n\t\t<\/div>\n\t\t\t\t\t<\/div>\n\t\t<\/section>\n\t\t\t\t<section class=\"elementor-section elementor-top-section elementor-element elementor-element-286dc67c elementor-section-content-middle elementor-section-boxed elementor-section-height-default elementor-section-height-default\" data-id=\"286dc67c\" data-element_type=\"section\" data-e-type=\"section\">\n\t\t\t\t\t\t<div class=\"elementor-container elementor-column-gap-custom\">\n\t\t\t\t\t<div class=\"elementor-column elementor-col-25 elementor-top-column elementor-element elementor-element-28d9ce7\" data-id=\"28d9ce7\" data-element_type=\"column\" data-e-type=\"column\">\n\t\t\t<div class=\"elementor-widget-wrap elementor-element-populated\">\n\t\t\t\t\t\t<div class=\"elementor-element elementor-element-70971169 elementor-widget elementor-widget-image\" data-id=\"70971169\" data-element_type=\"widget\" data-e-type=\"widget\" data-widget_type=\"image.default\">\n\t\t\t\t<div class=\"elementor-widget-container\">\n\t\t\t\t\t\t\t\t\t\t\t\t\t\t\t<img loading=\"lazy\" decoding=\"async\" width=\"1024\" height=\"190\" src=\"https:\/\/codeland.app\/wp-content\/uploads\/2023\/01\/18367_214214202211593-1024x190.png\" class=\"attachment-large size-large wp-image-988697\" alt=\"Innovaci\u00f3n\" srcset=\"https:\/\/codeland.app\/wp-content\/uploads\/2023\/01\/18367_214214202211593-1024x190.png 1024w, https:\/\/codeland.app\/wp-content\/uploads\/2023\/01\/18367_214214202211593-300x56.png 300w, https:\/\/codeland.app\/wp-content\/uploads\/2023\/01\/18367_214214202211593-768x143.png 768w, https:\/\/codeland.app\/wp-content\/uploads\/2023\/01\/18367_214214202211593.png 1043w\" sizes=\"(max-width: 1024px) 100vw, 1024px\" \/>\t\t\t\t\t\t\t\t\t\t\t\t\t\t\t<\/div>\n\t\t\t\t<\/div>\n\t\t\t\t\t<\/div>\n\t\t<\/div>\n\t\t\t\t<div class=\"elementor-column elementor-col-25 elementor-top-column elementor-element elementor-element-76f3dc12\" data-id=\"76f3dc12\" data-element_type=\"column\" data-e-type=\"column\">\n\t\t\t<div class=\"elementor-widget-wrap elementor-element-populated\">\n\t\t\t\t\t\t<div class=\"elementor-element elementor-element-7359ea4a elementor-widget elementor-widget-image\" data-id=\"7359ea4a\" data-element_type=\"widget\" data-e-type=\"widget\" data-widget_type=\"image.default\">\n\t\t\t\t<div class=\"elementor-widget-container\">\n\t\t\t\t\t\t\t\t\t\t\t\t\t\t\t<img loading=\"lazy\" decoding=\"async\" width=\"1000\" height=\"265\" src=\"https:\/\/codeland.app\/wp-content\/uploads\/2023\/09\/EN-Funded-by-the-EU-POS-2048x430-1.png\" class=\"attachment-large size-large wp-image-991094\" alt=\"\" srcset=\"https:\/\/codeland.app\/wp-content\/uploads\/2023\/09\/EN-Funded-by-the-EU-POS-2048x430-1.png 1000w, https:\/\/codeland.app\/wp-content\/uploads\/2023\/09\/EN-Funded-by-the-EU-POS-2048x430-1-300x80.png 300w, https:\/\/codeland.app\/wp-content\/uploads\/2023\/09\/EN-Funded-by-the-EU-POS-2048x430-1-768x204.png 768w\" sizes=\"(max-width: 1000px) 100vw, 1000px\" \/>\t\t\t\t\t\t\t\t\t\t\t\t\t\t\t<\/div>\n\t\t\t\t<\/div>\n\t\t\t\t\t<\/div>\n\t\t<\/div>\n\t\t\t\t<div class=\"elementor-column elementor-col-25 elementor-top-column elementor-element elementor-element-29389910\" data-id=\"29389910\" data-element_type=\"column\" data-e-type=\"column\">\n\t\t\t<div class=\"elementor-widget-wrap elementor-element-populated\">\n\t\t\t\t\t\t<div class=\"elementor-element elementor-element-774d39a5 elementor-widget elementor-widget-image\" data-id=\"774d39a5\" data-element_type=\"widget\" data-e-type=\"widget\" data-widget_type=\"image.default\">\n\t\t\t\t<div class=\"elementor-widget-container\">\n\t\t\t\t\t\t\t\t\t\t\t\t\t\t\t<img loading=\"lazy\" decoding=\"async\" width=\"1024\" height=\"365\" src=\"https:\/\/codeland.app\/wp-content\/uploads\/2023\/09\/LOGO-COLOR-1024x365.png\" class=\"attachment-large size-large wp-image-991087\" alt=\"\" srcset=\"https:\/\/codeland.app\/wp-content\/uploads\/2023\/09\/LOGO-COLOR-1024x365.png 1024w, https:\/\/codeland.app\/wp-content\/uploads\/2023\/09\/LOGO-COLOR-300x107.png 300w, https:\/\/codeland.app\/wp-content\/uploads\/2023\/09\/LOGO-COLOR-768x274.png 768w, https:\/\/codeland.app\/wp-content\/uploads\/2023\/09\/LOGO-COLOR-1536x547.png 1536w, https:\/\/codeland.app\/wp-content\/uploads\/2023\/09\/LOGO-COLOR.png 1976w\" sizes=\"(max-width: 1024px) 100vw, 1024px\" \/>\t\t\t\t\t\t\t\t\t\t\t\t\t\t\t<\/div>\n\t\t\t\t<\/div>\n\t\t\t\t\t<\/div>\n\t\t<\/div>\n\t\t\t\t<div class=\"elementor-column elementor-col-25 elementor-top-column elementor-element elementor-element-2aa339b\" data-id=\"2aa339b\" data-element_type=\"column\" data-e-type=\"column\">\n\t\t\t<div class=\"elementor-widget-wrap elementor-element-populated\">\n\t\t\t\t\t\t<div class=\"elementor-element elementor-element-7e940fd5 elementor-widget__width-initial elementor-widget elementor-widget-image\" data-id=\"7e940fd5\" data-element_type=\"widget\" data-e-type=\"widget\" data-widget_type=\"image.default\">\n\t\t\t\t<div class=\"elementor-widget-container\">\n\t\t\t\t\t\t\t\t\t\t\t\t\t\t\t\t<a href=\"https:\/\/aplicaciones.ciencia.gob.es\/pyiINFO\/buscarPyi.mec?&#038;nif=B66086083\" target=\"_blank\" rel=\"nofollow\">\n\t\t\t\t\t\t\t<img loading=\"lazy\" decoding=\"async\" width=\"500\" height=\"715\" src=\"https:\/\/codeland.app\/wp-content\/uploads\/2023\/09\/pyme_innovadora_esp.jpg\" class=\"attachment-large size-large wp-image-991074\" alt=\"\" srcset=\"https:\/\/codeland.app\/wp-content\/uploads\/2023\/09\/pyme_innovadora_esp.jpg 500w, https:\/\/codeland.app\/wp-content\/uploads\/2023\/09\/pyme_innovadora_esp-210x300.jpg 210w\" sizes=\"(max-width: 500px) 100vw, 500px\" \/>\t\t\t\t\t\t\t\t<\/a>\n\t\t\t\t\t\t\t\t\t\t\t\t\t\t\t<\/div>\n\t\t\t\t<\/div>\n\t\t\t\t\t<\/div>\n\t\t<\/div>\n\t\t\t\t\t<\/div>\n\t\t<\/section>\n\t\t\t\t<\/div>\n\t\t","protected":false},"excerpt":{"rendered":"<p>El aprendizaje adaptativo personalizado para tus peques \u00bfPreparados para subir de nivel? Descubre Code Land 2.0! Lanzado en octubre de 2021, Code Land ha introducido a m\u00e1s de un mill\u00f3n de ni\u00f1os\/as al fascinante mundo del c\u00f3digo. Estamos muy orgullosos del impacto que ha tenido, despertando la curiosidad y fomentando habilidades b\u00e1sicas de programaci\u00f3n en&#8230;<\/p>\n","protected":false},"author":1,"featured_media":0,"parent":0,"menu_order":0,"comment_status":"closed","ping_status":"closed","template":"","meta":{"_monsterinsights_skip_tracking":false,"_monsterinsights_sitenote_active":false,"_monsterinsights_sitenote_note":"","_monsterinsights_sitenote_category":0,"footnotes":""},"class_list":["post-992128","page","type-page","status-publish","hentry"],"aioseo_notices":[],"_links":{"self":[{"href":"https:\/\/codeland.app\/es\/wp-json\/wp\/v2\/pages\/992128","targetHints":{"allow":["GET"]}}],"collection":[{"href":"https:\/\/codeland.app\/es\/wp-json\/wp\/v2\/pages"}],"about":[{"href":"https:\/\/codeland.app\/es\/wp-json\/wp\/v2\/types\/page"}],"author":[{"embeddable":true,"href":"https:\/\/codeland.app\/es\/wp-json\/wp\/v2\/users\/1"}],"replies":[{"embeddable":true,"href":"https:\/\/codeland.app\/es\/wp-json\/wp\/v2\/comments?post=992128"}],"version-history":[{"count":158,"href":"https:\/\/codeland.app\/es\/wp-json\/wp\/v2\/pages\/992128\/revisions"}],"predecessor-version":[{"id":992472,"href":"https:\/\/codeland.app\/es\/wp-json\/wp\/v2\/pages\/992128\/revisions\/992472"}],"wp:attachment":[{"href":"https:\/\/codeland.app\/es\/wp-json\/wp\/v2\/media?parent=992128"}],"curies":[{"name":"wp","href":"https:\/\/api.w.org\/{rel}","templated":true}]}}