{"id":990525,"date":"2023-02-14T13:58:28","date_gmt":"2023-02-14T13:58:28","guid":{"rendered":"http:\/\/codeland.app\/?page_id=990525"},"modified":"2023-03-13T13:59:10","modified_gmt":"2023-03-13T13:59:10","slug":"accesibilidad","status":"publish","type":"page","link":"https:\/\/codeland.app\/es\/accesibilidad\/","title":{"rendered":"Declaraci\u00f3n de Accesibilidad"},"content":{"rendered":"\t\t<div data-elementor-type=\"wp-page\" data-elementor-id=\"990525\" class=\"elementor elementor-990525\" data-elementor-post-type=\"page\">\n\t\t\t\t\t\t<section class=\"elementor-section elementor-top-section elementor-element elementor-element-e8c3561 elementor-section-boxed elementor-section-height-default elementor-section-height-default\" data-id=\"e8c3561\" data-element_type=\"section\" data-e-type=\"section\">\n\t\t\t\t\t\t<div class=\"elementor-container elementor-column-gap-default\">\n\t\t\t\t\t<div class=\"elementor-column elementor-col-100 elementor-top-column elementor-element elementor-element-0226928\" data-id=\"0226928\" data-element_type=\"column\" data-e-type=\"column\">\n\t\t\t<div class=\"elementor-widget-wrap elementor-element-populated\">\n\t\t\t\t\t\t<div class=\"elementor-element elementor-element-64761d0 elementor-widget elementor-widget-text-editor\" data-id=\"64761d0\" data-element_type=\"widget\" data-e-type=\"widget\" data-widget_type=\"text-editor.default\">\n\t\t\t\t<div class=\"elementor-widget-container\">\n\t\t\t\t\t\t\t\t\t<div>\n<h2>&nbsp;<\/h2>\n<p>PLANET FACTORY INTERACTIVE SL se ha comprometido a hacer accesible su sitio web y su aplicaci\u00f3n para dispositivos m\u00f3viles\/, de conformidad con la legislaci\u00f3n nacional por la que se traspone la Directiva (UE) 2016\/2102 del Parlamento Europeo y del Consejo (1).<\/p>\n<p>La presente declaraci\u00f3n de accesibilidad se aplica los sitios web&nbsp;<a href=\"https:\/\/codeland.app\/\" target=\"_blank\" rel=\"noopener\">https:\/\/codeland.info<\/a>&nbsp;y <a href=\"https:\/\/store.codeland.app\/\">https:\/\/store.codeland.app<\/a><\/p>\n<\/div>\n<div>\n<h3>Situaci\u00f3n de cumplimiento<\/h3>\n<p>Estos sitios web son parcialmente conformes vi con <a href=\"http:\/\/www.boe.es\/diario_boe\/txt.php?id=BOE-A-2018-12699\" target=\"_blank\" rel=\"noopener\">RD 1112\/2018<\/a> debido a las excepciones o a la falta de conformidad de los aspectos que se indican a continuaci\u00f3n.<\/p>\n<\/div>\n<div>\n<h3>Contenido no accesible<\/h3>\n<p>El contenido que se recoge a continuaci\u00f3n no es accesible por lo siguiente:<\/p>\n<h5>Falta de conformidad con <a style=\"letter-spacing: var(--vamtam-primary-font-letter-spacing-desktop,normal); text-transform: var(--vamtam-primary-font-transform,none);\" href=\"http:\/\/www.boe.es\/diario_boe\/txt.php?id=BOE-A-2018-12699\" target=\"_blank\" rel=\"noopener\">RD 1112\/2018<\/a><\/h5>\n<p>Existe contenido audiovisual que no incluye audio descripci\u00f3n o medio alternativo [Requisito n\u00famero 1.2.3 Audiodescripci\u00f3n o medio alternativo] y audiodescripcion grabada [Requisito 1.2.5 Audiodescripci\u00f3n (Grabado)].<\/p>\n<p>Podr\u00edan existir errores de c\u00f3digo puntuales de edici\u00f3n en alguna p\u00e1gina web. [4.1.1 Procesamiento]<\/p>\n<p>Podr\u00edan existir algunos componentes de la interfaz de usuario que no se encuentren etiquetados correctamente. [4.1.2 Nombre, funci\u00f3n, valor]<\/p>\n<h5>Carga desproporcionada<\/h5>\n<p>No aplica.<span style=\"color: rgb(10, 48, 58); font-family: Catamaran, sans-serif; font-size: 26px; font-style: normal; font-weight: 900; letter-spacing: var(--vamtam-h3-letter-spacing-desktop,normal); background-color: var(--vamtam-accent-color-5);\">&nbsp;<\/span><\/p>\n<h3>Preparaci\u00f3n de la presente declaraci\u00f3n de accesibilidad<\/h3>\n<p>La presente declaraci\u00f3n fue preparada el 14.02.2023.<br>12.10.2018 L 256\/105 Diario Oficial de la Uni\u00f3n EuropeaES (1) Directiva (UE) 2016\/2102 del Parlamento Europeo y del Consejo, de 26 de octubre de 2016, sobre la accesibilidad de los sitios web y aplicaciones para dispositivos m\u00f3viles de los organismos del sector p\u00fablico (DO L 327 de 2.12.2016, p. 1).<\/p>\n<p>El m\u00e9todo empleado para preparar la declaraci\u00f3n ha sido una autoevaluaci\u00f3n<\/p>\n<p>La Declaraci\u00f3n de Accesibilidad ha sido revisada y actualizada en febrero de 2023.<\/p>\n<\/div>\n<h3>Observaciones y datos de contacto<\/h3>\n<p>Puede realizar&nbsp;comunicaciones&nbsp;sobre requisitos de accesibilidad (art\u00edculo 10.2.a del RD 1112\/2018) como por ejemplo:<\/p>\n<ul>\n<li>informar sobre cualquier posible incumplimiento por parte de este sitio web<\/li>\n<li>transmitir otras&nbsp;dificultades de acceso&nbsp;al contenido<\/li>\n<li>formular cualquier otra&nbsp;consulta o sugerencia de mejora&nbsp;relativa a la accesibilidad del sitio web a trav\u00e9s del&nbsp;&nbsp;<a href=\"https:\/\/codeland.app\/ayuda\/\" target=\"_blank\" rel=\"noopener\" style=\"font-family: inherit; font-size: inherit; font-style: inherit; font-variant-ligatures: inherit; font-variant-caps: inherit; font-weight: inherit; background-color: var(--vamtam-accent-color-5); letter-spacing: var(--vamtam-primary-font-letter-spacing-desktop,normal);\">formulario<\/a><span style=\"background-color: var(--vamtam-accent-color-5); letter-spacing: var(--vamtam-primary-font-letter-spacing-desktop,normal);\"> de contacto de este sitio https:\/\/codeland.app.<\/span><\/li>\n<\/ul>\n<h3>Procedimientos de aplicaci\u00f3n<\/h3>\n<p>Si una vez realizada una solicitud de informaci\u00f3n accesible o queja, \u00e9sta hubiera sido desestimada, no se estuviera de acuerdo con la decisi\u00f3n adoptada, o la respuesta no cumpliera los requisitos contemplados en el art\u00edculo 12.5, la persona interesada podr\u00e1 iniciar una reclamaci\u00f3n. Igualmente se podr\u00e1 iniciar una reclamaci\u00f3n en el caso de que haya transcurrido el plazo de veinte d\u00edas h\u00e1biles sin haber obtenido respuesta. Las reclamaciones ser\u00e1n recibidas y tratadas por empresa.<\/p>\n<h3>Contenido Opcional<\/h3>\n<p>Este p\u00e1gina est\u00e1 dise\u00f1ado para poder cambiar el tama\u00f1o del texto y el color, as\u00ed como el fondo de la p\u00e1gina mediante las opciones de configuraci\u00f3n est\u00e1ndar de los navegadores y el plugin de accesibilidad <a href=\"https:\/\/es.wordpress.org\/plugins\/pojo-accessibility\/\">One Click Accessibility \u2013 Plugin WordPress | WordPress.org Espa\u00f1a<\/a><\/p>\n<p>Si desea cambiar el tama\u00f1o de letra del texto en los principales navegadores gr\u00e1ficos utilice los siguientes men\u00fas:<\/p>\n<ul>\n<li>Internet Explorer, Mozilla y Firefox: Ver &gt; Tama\u00f1o del texto<\/li>\n<li>Opera: Ver &gt; Zoom<\/li>\n<li>Safari: Ver &gt; Hacer el texto m\u00e1s grande<\/li>\n<li>Chrome: Controla la p\u00e1gina actual &gt; Tama\u00f1o del texto<\/li>\n<li>Para modificar el tama\u00f1o de todo en la p\u00e1gina:\n<ul>\n<li>Ctrl + + para aumentarlo<\/li>\n<li>Ctrl + &#8211; para disminuirlo<\/li>\n<li>Ctrl + 0 restaura el tama\u00f1o original del texto<\/li>\n<li>Si lo que quiere es anular la hoja de estilos o modificar el color del texto, puede consultar la p\u00e1gina How to Change Text Size or Colors de la WAI, que se puede leer traducida al espa\u00f1ol en \u00bfC\u00f3mo cambiar el tama\u00f1o del texto o colores?<\/li>\n<\/ul>\n<\/li>\n<\/ul>\n<p>Si desea que el sitio web se lea en voz alta:<\/p>\n<ul>\n<li>Microsoft Edge \u2013 Control + May\u00fasculas + U<\/li>\n<\/ul>\t\t\t\t\t\t\t\t<\/div>\n\t\t\t\t<\/div>\n\t\t\t\t\t<\/div>\n\t\t<\/div>\n\t\t\t\t\t<\/div>\n\t\t<\/section>\n\t\t\t\t<\/div>\n\t\t","protected":false},"excerpt":{"rendered":"<p>&nbsp; PLANET FACTORY INTERACTIVE SL se ha comprometido a hacer accesible su sitio web y su aplicaci\u00f3n para dispositivos m\u00f3viles\/, de conformidad con la legislaci\u00f3n nacional por la que se traspone la Directiva (UE) 2016\/2102 del Parlamento Europeo y del Consejo (1). La presente declaraci\u00f3n de accesibilidad se aplica los sitios web&nbsp;https:\/\/codeland.info&nbsp;y https:\/\/store.codeland.app Situaci\u00f3n de&#8230;<\/p>\n","protected":false},"author":1,"featured_media":0,"parent":0,"menu_order":0,"comment_status":"closed","ping_status":"closed","template":"","meta":{"_monsterinsights_skip_tracking":false,"_monsterinsights_sitenote_active":false,"_monsterinsights_sitenote_note":"","_monsterinsights_sitenote_category":0,"footnotes":""},"class_list":["post-990525","page","type-page","status-publish","hentry"],"aioseo_notices":[],"_links":{"self":[{"href":"https:\/\/codeland.app\/es\/wp-json\/wp\/v2\/pages\/990525","targetHints":{"allow":["GET"]}}],"collection":[{"href":"https:\/\/codeland.app\/es\/wp-json\/wp\/v2\/pages"}],"about":[{"href":"https:\/\/codeland.app\/es\/wp-json\/wp\/v2\/types\/page"}],"author":[{"embeddable":true,"href":"https:\/\/codeland.app\/es\/wp-json\/wp\/v2\/users\/1"}],"replies":[{"embeddable":true,"href":"https:\/\/codeland.app\/es\/wp-json\/wp\/v2\/comments?post=990525"}],"version-history":[{"count":39,"href":"https:\/\/codeland.app\/es\/wp-json\/wp\/v2\/pages\/990525\/revisions"}],"predecessor-version":[{"id":990680,"href":"https:\/\/codeland.app\/es\/wp-json\/wp\/v2\/pages\/990525\/revisions\/990680"}],"wp:attachment":[{"href":"https:\/\/codeland.app\/es\/wp-json\/wp\/v2\/media?parent=990525"}],"curies":[{"name":"wp","href":"https:\/\/api.w.org\/{rel}","templated":true}]}}