{"id":988794,"date":"2023-01-09T09:45:06","date_gmt":"2023-01-09T09:45:06","guid":{"rendered":"http:\/\/codeland.app\/?page_id=988794"},"modified":"2023-09-14T10:10:06","modified_gmt":"2023-09-14T10:10:06","slug":"politica-privacidad","status":"publish","type":"page","link":"https:\/\/codeland.app\/es\/politica-privacidad\/","title":{"rendered":"Politica privacidad"},"content":{"rendered":"\t\t<div data-elementor-type=\"wp-page\" data-elementor-id=\"988794\" class=\"elementor elementor-988794\" data-elementor-post-type=\"page\">\n\t\t\t\t\t\t<section class=\"elementor-section elementor-top-section elementor-element elementor-element-7fa0e0e elementor-section-boxed elementor-section-height-default elementor-section-height-default\" data-id=\"7fa0e0e\" data-element_type=\"section\" data-e-type=\"section\">\n\t\t\t\t\t\t<div class=\"elementor-container elementor-column-gap-default\">\n\t\t\t\t\t<div class=\"elementor-column elementor-col-100 elementor-top-column elementor-element elementor-element-d43106e\" data-id=\"d43106e\" data-element_type=\"column\" data-e-type=\"column\">\n\t\t\t<div class=\"elementor-widget-wrap elementor-element-populated\">\n\t\t\t\t\t\t<div class=\"elementor-element elementor-element-11bb033 elementor-widget elementor-widget-text-editor\" data-id=\"11bb033\" data-element_type=\"widget\" data-e-type=\"widget\" data-widget_type=\"text-editor.default\">\n\t\t\t\t<div class=\"elementor-widget-container\">\n\t\t\t\t\t\t\t\t\t<p>En Learny Land nos tomamos la privacidad muy en serio y esta pol\u00edtica est\u00e1 dise\u00f1ada para compartir qu\u00e9 informaci\u00f3n recopilamos y c\u00f3mo la usamos. Nuestra pol\u00edtica de privacidad es m\u00e1s que un requisito legal; es una intenci\u00f3n honesta desarrollar productos que protejan a los ni\u00f1os y sus entornos de juego para crear una experiencia segura a trav\u00e9s del juego.<\/p><p>El presente documento describe la pol\u00edtica de privacidad que rige el tratamiento de los datos personales y no personales a los clientes, usuarios y dem\u00e1s terceros que brindan las empresas de Learny Land para los diferentes productos y servicios que ofrecemos.<\/p><p>\u00a0<\/p><p>Nuestras aplicaciones:<\/p><p><strong>No recopilan (ni comparten) informaci\u00f3n personal de ni\u00f1os<\/strong><\/p><p><strong>No recopilan datos de ubicaci\u00f3n<\/strong><\/p><p><strong>No tienen anuncios de terceros<\/strong><\/p><p><strong>Contienen una puerta parental que bloquea el acceso a los ni\u00f1os<\/strong><\/p><p>\u00a0<\/p><p><strong>Objetivos<\/strong><\/p><p>Learny Land comprende la importancia de proteger la privacidad de los ni\u00f1os, especialmente en un entorno en l\u00ednea.<\/p><p>Learny Land no realiza voluntariamente el tratamiento de datos personales relativos a menores de edad sin la previa autorizaci\u00f3n del padre o tutor legal. En caso de que tenga conocimiento de que los datos personales recabados corresponden a un menor sin autorizaci\u00f3n, tome las medidas oportunas para suprimir dichos datos a la mayor brevedad.<\/p><p>El objetivo de esta Pol\u00edtica de Privacidad es informar a los clientes, usuarios y otros terceros la forma en que se recopilan, tratan y protegen los datos personales que proporcionan a Learny Land para los diferentes productos y servicios que ofrecen.<\/p><p>\u00a0<\/p><p><strong>Recogida de datos y finalidad de los tratamientos<\/strong><\/p><p>No recopilamos ninguna informaci\u00f3n personal de los ni\u00f1os con nuestras aplicaciones.<\/p><p>Cuando descarga y usa nuestras aplicaciones m\u00f3viles, no le solicitamos que proporcione ninguna informaci\u00f3n y no recopilamos ninguna informaci\u00f3n personal sobre usted o su dispositivo.<\/p><p>\u00a0<\/p><p><strong>Informaci\u00f3n no personal<\/strong><\/p><p>Recopilamos y utilizamos informaci\u00f3n no personal (\u00abDatos anal\u00edticos\u00bb) durante el uso de nuestras aplicaciones. Algunas de nuestras aplicaciones utilizan Unity Analytics y\/o Google Analytics. Podemos recopilar informaci\u00f3n del dispositivo, como la direcci\u00f3n IP y los identificadores del dispositivo, as\u00ed como los eventos completados o las acciones realizadas dentro del juego, incluida la informaci\u00f3n del nivel. Estos datos nos ayudan a mejorar nuestro servicio y nuestras aplicaciones. Esta informaci\u00f3n es solo para uso interno y no se puede compartir. Es solo para nosotros ayudarnos a mejorar nuestros servicios para usted. Sus respectivas Pol\u00edticas de Privacidad se pueden encontrar en<\/p><p>https:\/\/firebase.google.com\/terms\/data-processing-terms<\/p><p>https:\/\/policies.google.com\/privacy?hl=en-US#whycollect<\/p><p>http:\/\/unity3d.com\/legal\/privacy-policy<\/p><p>Learny Land puede usar otras herramientas o software anal\u00edtico de terceros para recopilar y usar autom\u00e1ticamente cierta informaci\u00f3n que no incluye datos personales.<\/p><p>No proporcionamos ninguna informaci\u00f3n no personal a nadie fuera de nuestra empresa.<\/p><p>\u00a0<\/p><p><strong>Recopilaci\u00f3n y uso de informaci\u00f3n personal<\/strong><\/p><p>No recopilamos a sabiendas ninguna informaci\u00f3n personal de ni\u00f1os menores de 13 a\u00f1os. Si cree que hemos recopilado dicha informaci\u00f3n por error, comun\u00edquese con nosotros para que podamos resolver el problema. La \u00fanica \u00abinformaci\u00f3n personal\u00bb que Learny Land recopila es de los padres y eso ocurre cuando un adulto contacta v\u00eda e-mail directo. En este caso, Learny Land utiliza la informaci\u00f3n personal solo para responder directamente a la consulta espec\u00edfica y para ning\u00fan otro prop\u00f3sito.<\/p><p>Cuando un adulto se suscribe a nuestra newsletter. En este caso, la informaci\u00f3n personal se usa espec\u00edficamente para informar al usuario sobre nuevas actualizaciones, nuevos lanzamientos de aplicaciones, obsequios, descuentos, ofertas especiales y otro material relevante. El usuario tiene la posibilidad de darse de baja en cualquier momento.<\/p><p>En la suscripci\u00f3n de Code Land u otras aplicaciones de Learny Land, si se suscribe a un plan de suscripci\u00f3n mensual o anual, y\/o voluntariamente crea una cuenta dentro de la aplicaci\u00f3n. Ambos procesos\/acciones est\u00e1n asegurados detr\u00e1s de una puerta parental. Si bien no necesita crear una cuenta para usar las aplicaciones, tiene la opci\u00f3n de hacerlo por su propia voluntad, siempre que sea un adulto. Es posible que desee crear la cuenta para compartir f\u00e1cilmente su suscripci\u00f3n en varios dispositivos iOS. Es complementario a la experiencia general y proporciona una manera f\u00e1cil de iniciar sesi\u00f3n en varios dispositivos familiares a trav\u00e9s de una cuenta controlada por un adulto.<\/p><p>La suscripci\u00f3n a nuestra lista de correo a trav\u00e9s de nuestras aplicaciones es estrictamente para padres y solo se puede acceder a trav\u00e9s de la secci\u00f3n de padres o en la web. La secci\u00f3n para padres est\u00e1 bloqueada de forma segura detr\u00e1s de una puerta para padres (presente en todas nuestras aplicaciones).<\/p><p>No compartimos informaci\u00f3n de identificaci\u00f3n personal (como nombre, direcci\u00f3n, correo electr\u00f3nico, tel\u00e9fono o cualquier otro tipo de datos) con empresas o individuos de terceros.<\/p><p>\u00a0<\/p><p><strong>Cookies<\/strong><\/p><p>Cuando visita nuestro sitio web, podemos enviar cookies a su computadora que identifican de manera \u00fanica su navegador. Usamos cookies para mejorar la calidad de nuestro servicio al almacenar las preferencias del usuario y rastrear la informaci\u00f3n de uso. La mayor\u00eda de los navegadores le permiten deshabilitar las cookies o configurar su <strong>navegador para que le avise cuando se env\u00edan cookies a su computadora.<\/strong><\/p><p>\u00a0<\/p><p><strong>Ejercicio de los derechos de acceso, rectificaci\u00f3n, cancelaci\u00f3n y oposici\u00f3n<\/strong><\/p><p>Los clientes, usuarios y dem\u00e1s terceros que hayan facilitado datos de car\u00e1cter personal a alguna empresa de Learny Land podr\u00e1n dirigirse a cualquiera de ellas, con el fin de ejercer sus derechos de acceso, rectificaci\u00f3n, cancelaci\u00f3n y oposici\u00f3n respecto de los datos facilitados, en los t\u00e9rminos establecidos en la legislaci\u00f3n vigente en materia de protecci\u00f3n de datos de car\u00e1cter personal.<\/p><p>Para el ejercicio de los Derechos podr\u00e1 dirigirse, por cualquier medio que acredite la entrega y recepci\u00f3n de la solicitud a la calle Mestre Vila 27 de Sallent, 08650, Barcelona, o a la siguiente direcci\u00f3n de correo electr\u00f3nico: info@learnyland.com, con la referencia \u201cDatos Protecci\u00f3n\u201d, especificando sus datos, acreditando su identidad y los motivos de su solicitud.<\/p><p>\u00a0<\/p><p><strong>Legislaci\u00f3n<\/strong><\/p><p>La presente Pol\u00edtica se rige por la legislaci\u00f3n espa\u00f1ola y, en particular, por:<\/p><p>Ley Org\u00e1nica 15\/1999, de 13 de diciembre, de Protecci\u00f3n de Datos de Car\u00e1cter Personal. (http:\/\/www.boe.es\/buscar\/act.php?id=BOE-A-1999-23750)<\/p><p>Real Decreto 1720\/2007, de 21 de diciembre, por el que se aprueba el Reglamento de Despliegue de la Ley Org\u00e1nica 15\/1999.<\/p><p>Otra legislaci\u00f3n o regulaci\u00f3n relacionada o an\u00e1loga aplicable.<\/p><p>Tambi\u00e9n cumplimos con la Ley de protecci\u00f3n de la privacidad en l\u00ednea de los ni\u00f1os.<\/p><p>Nuestro sitio web y nuestras aplicaciones (aplicaciones m\u00f3viles) cumplen con la Ley de protecci\u00f3n de la privacidad en l\u00ednea de los ni\u00f1os (\u00abCOPPA\u00bb). No recopilamos a sabiendas informaci\u00f3n personal de ni\u00f1os menores de 13 a\u00f1os, y si en el caso de que un usuario se identifique como un ni\u00f1o menor de 13 a\u00f1os a trav\u00e9s de una solicitud de soporte o a trav\u00e9s de comentarios, no recopilaremos, almacenar\u00e1 o usar\u00e1, y eliminar\u00e1 de manera segura, cualquier informaci\u00f3n personal de dicho usuario.<\/p><p>\u00a0<\/p><p><strong>Otros<\/strong><\/p><p>Para cualquier consulta relacionada con esta pol\u00edtica puede enviarla a la direcci\u00f3n de correo electr\u00f3nico info@learnyland.com<\/p><p>Learny Land SL, con domicilio en la calle Mestre Vila 27 de Sallent, 08650, Barcelona, Espa\u00f1a, con CIF B-67173039, e inscrita en el Registro Mercantil de Barcelona, tomo 46310, folio 154, hoja 516129, inscripci\u00f3n 1\u00aa.<\/p><p>\u00a0<\/p><p><strong>Vigencia y modificaci\u00f3n de esta pol\u00edtica de privacidad<\/strong><\/p><p>Pol\u00edtica de privacidad Learny Land se actualiz\u00f3 en agosto de 2022.<\/p><p>Learny Land se reserva el derecho a modificar su pol\u00edtica de privacidad en el caso de que exista un cambio legislativo, doctrinal, jurisprudencial o de criterio propio empresarial. Si se introduce alg\u00fan cambio en esta Pol\u00edtica, el nuevo texto ser\u00e1 publicado en este sitio web.<\/p><p>Se recomienda a los clientes, usuarios y dem\u00e1s terceros que accedan peri\u00f3dicamente a esta pol\u00edtica de privacidad que se encuentra en el sitio web http:\/\/www.learnyland.com<\/p>\t\t\t\t\t\t\t\t<\/div>\n\t\t\t\t<\/div>\n\t\t\t\t\t<\/div>\n\t\t<\/div>\n\t\t\t\t\t<\/div>\n\t\t<\/section>\n\t\t\t\t<\/div>\n\t\t","protected":false},"excerpt":{"rendered":"<p>En Learny Land nos tomamos la privacidad muy en serio y esta pol\u00edtica est\u00e1 dise\u00f1ada para compartir qu\u00e9 informaci\u00f3n recopilamos y c\u00f3mo la usamos. Nuestra pol\u00edtica de privacidad es m\u00e1s que un requisito legal; es una intenci\u00f3n honesta desarrollar productos que protejan a los ni\u00f1os y sus entornos de juego para crear una experiencia segura&#8230;<\/p>\n","protected":false},"author":1,"featured_media":0,"parent":0,"menu_order":0,"comment_status":"closed","ping_status":"closed","template":"","meta":{"_monsterinsights_skip_tracking":false,"_monsterinsights_sitenote_active":false,"_monsterinsights_sitenote_note":"","_monsterinsights_sitenote_category":0,"footnotes":""},"class_list":["post-988794","page","type-page","status-publish","hentry"],"aioseo_notices":[],"_links":{"self":[{"href":"https:\/\/codeland.app\/es\/wp-json\/wp\/v2\/pages\/988794","targetHints":{"allow":["GET"]}}],"collection":[{"href":"https:\/\/codeland.app\/es\/wp-json\/wp\/v2\/pages"}],"about":[{"href":"https:\/\/codeland.app\/es\/wp-json\/wp\/v2\/types\/page"}],"author":[{"embeddable":true,"href":"https:\/\/codeland.app\/es\/wp-json\/wp\/v2\/users\/1"}],"replies":[{"embeddable":true,"href":"https:\/\/codeland.app\/es\/wp-json\/wp\/v2\/comments?post=988794"}],"version-history":[{"count":17,"href":"https:\/\/codeland.app\/es\/wp-json\/wp\/v2\/pages\/988794\/revisions"}],"predecessor-version":[{"id":990589,"href":"https:\/\/codeland.app\/es\/wp-json\/wp\/v2\/pages\/988794\/revisions\/990589"}],"wp:attachment":[{"href":"https:\/\/codeland.app\/es\/wp-json\/wp\/v2\/media?parent=988794"}],"curies":[{"name":"wp","href":"https:\/\/api.w.org\/{rel}","templated":true}]}}