{"id":991710,"date":"2023-01-12T09:44:07","date_gmt":"2023-01-12T09:44:07","guid":{"rendered":"https:\/\/codeland.app\/politica-de-cookies\/"},"modified":"2023-01-12T09:44:07","modified_gmt":"2023-01-12T09:44:07","slug":"politica-de-cookies","status":"publish","type":"page","link":"https:\/\/codeland.app\/ca\/politica-de-cookies\/","title":{"rendered":"Pol\u00edtica de cookies"},"content":{"rendered":"\t\t<div data-elementor-type=\"wp-page\" data-elementor-id=\"991710\" class=\"elementor elementor-991710\" data-elementor-post-type=\"page\">\n\t\t\t\t\t\t<section class=\"elementor-section elementor-top-section elementor-element elementor-element-2e43965 elementor-section-boxed elementor-section-height-default elementor-section-height-default\" data-id=\"2e43965\" data-element_type=\"section\" data-e-type=\"section\">\n\t\t\t\t\t\t<div class=\"elementor-container elementor-column-gap-default\">\n\t\t\t\t\t<div class=\"elementor-column elementor-col-100 elementor-top-column elementor-element elementor-element-92dd72a\" data-id=\"92dd72a\" data-element_type=\"column\" data-e-type=\"column\">\n\t\t\t<div class=\"elementor-widget-wrap elementor-element-populated\">\n\t\t\t\t\t\t<div class=\"elementor-element elementor-element-fefb6ba elementor-widget elementor-widget-text-editor\" data-id=\"fefb6ba\" data-element_type=\"widget\" data-e-type=\"widget\" data-widget_type=\"text-editor.default\">\n\t\t\t\t<div class=\"elementor-widget-container\">\n\t\t\t\t\t\t\t\t\t<p>En cumplimiento con lo dispuesto en el art\u00edculo 22.2 de la Ley 34\/2002, de 11 de julio, de Servicios de la Sociedad de la Informaci\u00f3n y de Comercio Electr\u00f3nico, el Titular te informa que este sitio Web utiliza cookies, as\u00ed como sobre su pol\u00edtica de recogida y el tratamiento que hace de las mismas.<\/p><p>Este sitio web (el \u201cSitio Web\u201d) utiliza cookies que almacenan y recuperan informaci\u00f3n cuando navegas. Las cookies son peque\u00f1os archivos que se descargan en el equipo terminal desde el Sitio Web y se usan para registrar ciertas interacciones de la navegaci\u00f3n, almacenando datos que podr\u00e1n ser actualizados y recuperados. Estas tecnolog\u00edas pueden servir para finalidades muy diversas, por ejemplo, se utilizan para recordar las preferencias del usuario en el Sitio Web, reconocerte como usuario, obtener informaci\u00f3n sobre tus h\u00e1bitos de navegaci\u00f3n, o personalizar la forma en la que se muestra el contenido.<\/p><p>A continuaci\u00f3n te describimos los usos concretos que hacemos de estas cookies.<\/p><p>\u00a0<\/p><p><strong>\u00bfQu\u00e9 tipo de cookies se pueden utilizar? <\/strong><\/p><p>\u00a0<\/p><p>Seg\u00fan la entidad que las gestione:<\/p><p>\u00a0<\/p><p>Cookies propias: Son aquellas que se env\u00edan al equipo terminal del usuario desde un equipo o dominio gestionado por nosotros y desde el que se presta el servicio solicitado por el usuario.<\/p><p>\u00a0<\/p><p>Cookies de tercero: Son aquellas que se env\u00edan al equipo terminal del usuario desde un equipo o dominio que no es gestionado por nosotros, sino por otra entidad que trata los datos obtenidos a trav\u00e9s de las cookies.<\/p><p>\u00a0<\/p><p><strong>Seg\u00fan el plazo de tiempo que permanecen activadas: <\/strong><\/p><p>\u00a0<\/p><p>Cookies de sesi\u00f3n: Son aquellas cookies utilizadas para permitir un seguimiento de la actividad realizada por el usuario en una sesi\u00f3n en el Sitio Web. Una vez que el usuario haya salido del Sitio Web, al acceder de nuevo al mismo, no se reconocer\u00e1 la actividad realizada con anterioridad.<\/p><p>\u00a0<\/p><p>Cookies persistentes: Este tipo de cookies permite al Sitio Web recordar la informaci\u00f3n de usuario y sus ajustes en sesiones anteriores, para ofrecer un acceso m\u00e1s r\u00e1pido y sencillo, as\u00ed como recordar la informaci\u00f3n proporcionada sobre preferencias o favoritos, entre otros.<\/p><p>\u00a0<\/p><p><strong>Seg\u00fan su finalidad: <\/strong><\/p><p>\u00a0<\/p><p>Cookies t\u00e9cnicas: Son aqu\u00e9llas que permiten al usuario la navegaci\u00f3n a trav\u00e9s del Sitio Web y la utilizaci\u00f3n de las diferentes opciones o servicios que en el Sitio Web se ofrecen como, por ejemplo, acceder a secciones de acceso restringido, utilizar elementos de seguridad durante la navegaci\u00f3n, almacenar contenidos para la difusi\u00f3n de videos o sonido o compartir contenidos a trav\u00e9s de redes sociales.<\/p><p>\u00a0<\/p><p>Cookies de an\u00e1lisis o medici\u00f3n: Son aquellas que permiten cuantificar el n\u00famero de usuarios y realizar la medici\u00f3n y an\u00e1lisis estad\u00edstico del uso del Sitio Web por los usuarios con el fin de introducir mejoras. Adicionalmente el Sitio Web puede albergar elementos en el c\u00f3digo fuente de las p\u00e1ginas que se utilizan para medir el tr\u00e1fico de usuarios que visitan una p\u00e1gina web y poder sacar un patr\u00f3n de visitas de los usuarios.<\/p><p>\u00a0<\/p><p>Cookies de preferencia o personalizaci\u00f3n: Son aqu\u00e9llas que permiten recordar informaci\u00f3n para que el usuario acceda al Sitio Web con determinadas caracter\u00edsticas que pueden diferenciar su experiencia de la de otros usuarios, como, por ejemplo, el idioma, el n\u00famero de resultados a mostrar cuando el usuario realiza una b\u00fasqueda, el aspecto o contenido del servicio en funci\u00f3n del tipo de navegador a trav\u00e9s del cual el usuario accede al servicio o de la regi\u00f3n desde la que accede al servicio, etc<\/p><p>\u00a0<\/p><p>Cookies de publicidad comportamental: Son aqu\u00e9llas que permiten la gesti\u00f3n, de la forma m\u00e1s eficaz posible, de los espacios publicitarios del Sitio Web o las que almacenan informaci\u00f3n del comportamiento de los usuarios obtenida a trav\u00e9s de la observaci\u00f3n continuada de sus h\u00e1bitos de navegaci\u00f3n, lo que permite desarrollar un perfil espec\u00edfico para mostrar publicidad en funci\u00f3n del mismo.<\/p><p>\u00a0<\/p><p>Respecto de las cookies anteriores, ten en cuenta que las cookies de preferencias o personalizaci\u00f3n pueden ser estrictamente necesarias, que son aquellas que permiten la comunicaci\u00f3n entre el equipo terminal del usuario y la red o que prestan un servicio expresamente solicitado por el usuario. En esos casos, no se precisa el consentimiento del usuario, pero te informamos de las mismas para que tengas un conocimiento m\u00e1s completo de las tecnolog\u00edas empleadas en el Sitio Web. El resto de cookies se utilizar\u00e1n \u00fanicamente si lo has autorizado a trav\u00e9s del panel o primera capa de consentimiento que aparecer\u00e1 en el Sitio Web.<\/p><p>\u00a0<\/p><p><strong>\u00bfSe pueden desactivar las cookies? <\/strong><\/p><p>\u00a0<\/p><p>Si lo deseas, puedes inhibir la instalaci\u00f3n de cookies o desinstalarlas en cualquier momento desde tu navegador, configurando las preferencias.<\/p><p>\u00a0<\/p><p>Puedes encontrar informaci\u00f3n sobre c\u00f3mo hacerlo en funci\u00f3n del navegador que utilices en las siguientes direcciones:<\/p><p>\u00a0<\/p><ul><li>Si utilizas Firefox, desde http:\/\/support.mozilla.org\/es\/kb\/habilitar-y-deshabilitar-cookies-que-los-sitios-we<\/li><\/ul><p>\u00a0<\/p><ul><li>Si utilizas Chrome, desde https:\/\/support.google.com\/chrome\/answer\/95647?hl=es<\/li><\/ul><p>\u00a0<\/p><ul><li>Si utilizas Google Chrome para Android: https:\/\/support.google.com\/chrome\/answer\/2392971?hl=es<\/li><\/ul><p>\u00a0<\/p><ul><li>Si utilizas Internet Explorer, desde http:\/\/windows.microsoft.com\/es-es\/windows-vista\/Block-or-allow-cookies<\/li><\/ul><p>\u00a0<\/p><ul><li>Si utilizas Safari, desde http:\/\/support.apple.com\/kb\/HT1677?viewlocale=es_ES<\/li><\/ul><p>\u00a0<\/p><ul><li>Si utilizas Opera: http:\/\/help.opera.com\/Windows\/11.50\/es-ES\/cookies.html. Para m\u00e1s informaci\u00f3n sobre c\u00f3mo hacer esto, visite http:\/\/www.aboutcookies.org\/.<\/li><\/ul><p>\u00a0<\/p><p>Adem\u00e1s, si deseas modificar la configuraci\u00f3n de las Cookies puedes hacerlo en cualquier momento pulsando el circulo al pie la p\u00e1gina que despliega la opci\u00f3n de \u201cConfiguraci\u00f3n de Cookies\u201d.<\/p><p>\u00a0<\/p><p>Para m\u00e1s informaci\u00f3n sobre cookies y publicidad comportamental: http:\/\/www.allaboutcookies.org and http:\/\/www.youronlinechoices.com.<\/p><p>\u00a0<\/p><p>Para m\u00e1s informaci\u00f3n sobre el tratamiento de datos personales por parte de Learny Land SL, puede acceder a la pol\u00edtica de privacidad.<\/p>\t\t\t\t\t\t\t\t<\/div>\n\t\t\t\t<\/div>\n\t\t\t\t\t<\/div>\n\t\t<\/div>\n\t\t\t\t\t<\/div>\n\t\t<\/section>\n\t\t\t\t<\/div>\n\t\t","protected":false},"excerpt":{"rendered":"<p>En cumplimiento con lo dispuesto en el art\u00edculo 22.2 de la Ley 34\/2002, de 11 de julio, de Servicios de la Sociedad de la Informaci\u00f3n y de Comercio Electr\u00f3nico, el Titular te informa que este sitio Web utiliza cookies, as\u00ed como sobre su pol\u00edtica de recogida y el tratamiento que hace de las mismas. Este&#8230;<\/p>\n","protected":false},"author":1,"featured_media":0,"parent":0,"menu_order":0,"comment_status":"closed","ping_status":"closed","template":"","meta":{"_monsterinsights_skip_tracking":false,"_monsterinsights_sitenote_active":false,"_monsterinsights_sitenote_note":"","_monsterinsights_sitenote_category":0,"footnotes":""},"class_list":["post-991710","page","type-page","status-publish","hentry"],"aioseo_notices":[],"_links":{"self":[{"href":"https:\/\/codeland.app\/ca\/wp-json\/wp\/v2\/pages\/991710","targetHints":{"allow":["GET"]}}],"collection":[{"href":"https:\/\/codeland.app\/ca\/wp-json\/wp\/v2\/pages"}],"about":[{"href":"https:\/\/codeland.app\/ca\/wp-json\/wp\/v2\/types\/page"}],"author":[{"embeddable":true,"href":"https:\/\/codeland.app\/ca\/wp-json\/wp\/v2\/users\/1"}],"replies":[{"embeddable":true,"href":"https:\/\/codeland.app\/ca\/wp-json\/wp\/v2\/comments?post=991710"}],"version-history":[{"count":0,"href":"https:\/\/codeland.app\/ca\/wp-json\/wp\/v2\/pages\/991710\/revisions"}],"wp:attachment":[{"href":"https:\/\/codeland.app\/ca\/wp-json\/wp\/v2\/media?parent=991710"}],"curies":[{"name":"wp","href":"https:\/\/api.w.org\/{rel}","templated":true}]}}